{"id":231,"date":"2000-06-26T10:17:22","date_gmt":"2000-06-26T08:17:22","guid":{"rendered":"https:\/\/zso6.olsztyn.eu\/bursa\/?page_id=231"},"modified":"2026-03-17T14:00:47","modified_gmt":"2026-03-17T13:00:47","slug":"deklaracja_dostepnosci","status":"publish","type":"page","link":"https:\/\/zso6.olsztyn.eu\/bursa\/deklaracja_dostepnosci\/","title":{"rendered":"Deklaracja dostepno\u015bci"},"content":{"rendered":"<h1>Deklaracja dost\u0119pno\u015bci<\/h1>\n<div id=\"a11y-wstep\">\n<p id=\"a11y-podmiot\">ZESP\u00d3\u0141 SZK\u00d3\u0141 OG\u00d3LNOKSZTA\u0141C\u0104CYCH NR 6 VI LICEUM OG\u00d3LNOKSZTA\u0141C\u0104CE im. Gabriela Narutowicza, 10-049 Olsztyn ul. Pstrowskiego 5<\/p>\n<p>zobowi\u0105zuje si\u0119 zapewni\u0107 dost\u0119pno\u015b\u0107 swojej strony internetowej zgodnie z ustaw\u0105 z dnia 4 kwietnia 2019 r. o dost\u0119pno\u015bci cyfrowej stron internetowych i aplikacji mobilnych podmiot\u00f3w publicznych. O\u015bwiadczenie w sprawie dost\u0119pno\u015bci ma zastosowanie do <span id=\"a11y-zakres\">strony internetowej<\/span> <a id=\"a11y-url\" href=\"https:\/\/zso6.olsztyn.eu\/bursa\/\">https:\/\/zso6.olsztyn.eu\/bursa\/ ZESP\u00d3\u0141 SZK\u00d3\u0141 OG\u00d3LNOKSZTA\u0141C\u0104CYCH NR 6 VI LICEUM OG\u00d3LNOKSZTA\u0141C\u0104CE im. Gabriela Narutowicza, 10-049 Olsztyn ul. Pstrowskiego 5<\/a>.<\/p>\n<\/div>\n<h3>Daty publikacji i aktualizacji<\/h3>\n<p>Data publikacji strony internetowej: <time id=\"a11y-data-publikacja\" datetime=\"2017-02-15\">15 lutego 2017 r.<\/time><\/p>\n<p>Data ostatniej istotnej aktualizacji: <time id=\"a11y-data-aktualizacja\" datetime=\"2022-01-21\">21 stycznia 2022 r.<\/time><\/p>\n<h3>Stan dost\u0119pno\u015bci cyfrowej<\/h3>\n<p id=\"a11y-status\">Strona internetowa jest cz\u0119\u015bciowo zgodna z ustaw\u0105 z dnia 4 kwietnia 2019 r. o dost\u0119pno\u015bci cyfrowej stron internetowych i aplikacji mobilnych podmiot\u00f3w publicznych.<\/p>\n<h3>Niedost\u0119pne tre\u015bci<\/h3>\n<ol>\n<li>filmy nie posiadaj\u0105 napis\u00f3w dla os\u00f3b g\u0142uchych,<\/li>\n<li>cz\u0119\u015b\u0107 plik\u00f3w nie jest dost\u0119pnych cyfrowo,<\/li>\n<li>brak odpowiedniej struktury nag\u0142\u00f3wkowej artyku\u0142\u00f3w,<\/li>\n<\/ol>\n<h3>Niezgodno\u015b\u0107 z za\u0142\u0105cznikiem<\/h3>\n<p>Nie dotyczy.<\/p>\n<h3>Tre\u015bci nieobj\u0119te przepisami<\/h3>\n<ol>\n<li>mapy s\u0105 wy\u0142\u0105czone z obowi\u0105zku zapewniania dost\u0119pno\u015bci,<\/li>\n<li>filmy zosta\u0142y opublikowane przed wej\u015bciem w \u017cycie ustawy o dost\u0119pno\u015bci cyfrowej.<\/li>\n<\/ol>\n<h3>Nadmierne koszty<\/h3>\n<p>Nie dotyczy.<\/p>\n<h3>Przygotowanie deklaracji dost\u0119pno\u015bci<\/h3>\n<p>O\u015bwiadczenie sporz\u0105dzono dnia: <time id=\"a11y-data-sporzadzenie\" datetime=\"2020-06-27\">27 czerwca 2020 r.<\/time><\/p>\n<p>Data ostatniego przegl\u0105du deklaracji: <time id=\"a11y-data-przeglad\" datetime=\"2026-03-17\">17 marca 2026 r.<\/time><\/p>\n<p>Deklaracj\u0119 sporz\u0105dzono na podstawie samooceny przeprowadzonej przez podmiot publiczny.<\/p>\n<h3>Skr\u00f3ty klawiszowe<\/h3>\n<p>Na stronie internetowej mo\u017cna u\u017cywa\u0107 standardowych skr\u00f3t\u00f3w klawiszowych przegl\u0105darki.<\/p>\n<h3>Informacje zwrotne i dane kontaktowe<\/h3>\n<p>W przypadku problem\u00f3w z dost\u0119pno\u015bci\u0105 strony internetowej prosimy o kontakt. Osob\u0105 kontaktow\u0105 jest <span id=\"a11y-kontakt\">S\u0142awomir \u0141ata<\/span>, email:<\/p>\n<p><span id=\"a11y-email\"><a href=\"href=\">lata.slawomir@zso6.olsztyn.eu<\/a> . Kontaktowa\u0107 mo\u017cna si\u0119 tak\u017ce dzwoni\u0105c na numer telefonu <span id=\"a11y-telefon\">(89) 527 93 57<\/span>. T\u0105 sam\u0105 drog\u0105 mo\u017cna sk\u0142ada\u0107 wnioski o udost\u0119pnienie informacji niedost\u0119pnej oraz sk\u0142ada\u0107 \u017c\u0105dania zapewnienia dost\u0119pno\u015bci.<\/span><\/p>\n<section id=\"a11y-procedura\">\n<h3>Obs\u0142uga wniosk\u00f3w i skarg zwi\u0105zanych z dost\u0119pno\u015bci\u0105<\/h3>\n<p>Ka\u017cdy ma prawo do wyst\u0105pienia z \u017c\u0105daniem zapewnienia dost\u0119pno\u015bci cyfrowej strony internetowej, aplikacji mobilnej lub jakiego\u015b ich elementu. Mo\u017cna tak\u017ce za\u017c\u0105da\u0107 udost\u0119pnienia informacji za pomoc\u0105 alternatywnego sposobu dost\u0119pu, na przyk\u0142ad przez odczytanie niedost\u0119pnego cyfrowo dokumentu, opisanie zawarto\u015bci filmu bez audiodeskrypcji itp. \u017b\u0105danie powinno zawiera\u0107 dane osoby zg\u0142aszaj\u0105cej \u017c\u0105danie, wskazanie, o kt\u00f3r\u0105 stron\u0119 internetow\u0105 lub aplikacj\u0119 mobiln\u0105 chodzi oraz spos\u00f3b kontaktu. Je\u017celi osoba \u017c\u0105daj\u0105ca zg\u0142asza potrzeb\u0119 otrzymania informacji za pomoc\u0105 alternatywnego sposobu dost\u0119pu, powinna tak\u017ce okre\u015bli\u0107 dogodny dla niej spos\u00f3b przedstawienia tej informacji. Podmiot publiczny powinien zrealizowa\u0107 \u017c\u0105danie niezw\u0142ocznie, nie p\u00f3\u017aniej ni\u017c w ci\u0105gu 7 dni od dnia wyst\u0105pienia z \u017c\u0105daniem. Je\u017celi dotrzymanie tego terminu nie jest mo\u017cliwe, podmiot publiczny niezw\u0142ocznie informuje o tym wnosz\u0105cego \u017c\u0105danie, kiedy realizacja \u017c\u0105dania b\u0119dzie mo\u017cliwa, przy czym termin ten nie mo\u017ce by\u0107 d\u0142u\u017cszy ni\u017c 2 miesi\u0105ce od dnia wyst\u0105pienia z \u017c\u0105daniem. Je\u017celi zapewnienie dost\u0119pno\u015bci cyfrowej nie jest mo\u017cliwe, podmiot publiczny mo\u017ce zaproponowa\u0107 alternatywny spos\u00f3b dost\u0119pu do informacji. W przypadku, gdy podmiot publiczny odm\u00f3wi realizacji \u017c\u0105dania zapewnienia dost\u0119pno\u015bci lub alternatywnego sposobu dost\u0119pu do informacji, wnosz\u0105cy \u017c\u0105danie mo\u017ce z\u0142o\u017cy\u0107 skarg\u0119 w sprawie zapewniania dost\u0119pno\u015bci cyfrowej strony internetowej, aplikacji mobilnej lub elementu strony internetowej, lub aplikacji mobilnej. Po wyczerpaniu wskazanej wy\u017cej procedury mo\u017cna tak\u017ce z\u0142o\u017cy\u0107 wniosek do Rzecznika Praw Obywatelskich.<\/p>\n<p>Link do strony internetowej\u00a0<a href=\"https:\/\/bip.brpo.gov.pl\/pl\/content\/zlozenie-wniosku-do-rzecznika-praw-obywatelskich\">Rzecznika Praw Obywatelskich<\/a>.<\/p>\n<p>Link do dziennika elektronicznego <a href=\"https:\/\/edukacja.olsztyn.eu\" target=\"_blank\" rel=\"noopener\">LIBRUS.<\/a><\/p>\n<\/section>\n<section id=\"a11y-architektura\">\n<h3>Dost\u0119pno\u015b\u0107 architektoniczna<\/h3>\n<h4>Budynek VI LO<\/h4>\n<ol>\n<li>Do budynku prowadzi jedno wej\u015bcie g\u0142\u00f3wne od ulicy Pstrowskiego. Do wej\u015bcia prowadz\u0105 schody. Przy wej\u015bciu g\u0142\u00f3wnym z prawej strony znajduj\u0105 si\u0119 tablice informacyjne z planem parteru. Wej\u015bcie jest og\u00f3lnodost\u0119pne w godzinach pracy szko\u0142y. Po wej\u015bciu do szko\u0142y po prawej stronie znajduje si\u0119 portiernia, w kt\u00f3rej pracownicy obs\u0142ugi udzielaj\u0105 niezb\u0119dnych informacji. Ponadto jest drugie wej\u015bcie dost\u0119pne dla uczni\u00f3w niepe\u0142nosprawnych, do wej\u015bcia prowadz\u0105 schody oraz podjazd dla os\u00f3b niepe\u0142nosprawnych ruchowo.<\/li>\n<li>Sekretariat, gabinet Dyrektora Szko\u0142y oraz pomieszczenia administracyjne znajduj\u0105 si\u0119 na parterze budynku. Do wy\u017cej wskazanych pomieszcze\u0144 nie prowadz\u0105 schody. Z korytarza na parterze jest dost\u0119p do cz\u0119\u015bci sal lekcyjnych, biblioteki. Do pozosta\u0142ych sal prowadz\u0105 schody. W budynku nie ma wind.<\/li>\n<li>W budynku s\u0105 cz\u0119\u015bciowe dostosowania dla os\u00f3b niepe\u0142nosprawnych:\n<ol>\n<li>zastosowano podjazd dla w\u00f3zk\u00f3w na \u0142\u0105czniku mi\u0119dzy budynkiem szko\u0142y, a sala gimnastyczn\u0105, od strony ulicy Obiegowej<\/li>\n<li>informacja o rozk\u0142adzie pomieszcze\u0144 w budynku zapewniona jest w spos\u00f3b wizualny (tablice informacyjne),<\/li>\n<li>na parterze budynku znajduj\u0105 si\u0119 oznaczenia kontrastowe,<br \/>\nBrak p\u0119tli indukcyjnych oraz oznacze\u0144 w alfabecie brajla.<\/li>\n<\/ol>\n<\/li>\n<li>Na terenie szko\u0142y znajduje si\u0119 parking dla samochod\u00f3w osobowych. Natomiast przed budynkiem nie ma wyznaczonych miejsc parkingowych dla os\u00f3b niepe\u0142nosprawnych.<\/li>\n<li>Do budynku mo\u017ce wej\u015b\u0107 osoba z psem asystuj\u0105cym.<\/li>\n<\/ol>\n<h4>Budynek Bursy<\/h4>\n<ol>\n<li>Do budynku prowadzi jedno wej\u015bcie g\u0142\u00f3wne od ulicy Pstrowskiego. Do wej\u015bcia prowadz\u0105 schody. Przy wej\u015bciu z lewej strony znajduj\u0105 si\u0119 tablice informacyjne z planem parteru, oraz po prawej stronie jest pok\u00f3j wychowawc\u00f3w, w kt\u00f3rym pracownicy udzielaj\u0105 niezb\u0119dnych informacji.<\/li>\n<li>Do wi\u0119kszo\u015bci pomieszcze\u0144 w budynku prowadz\u0105 schody oraz wyst\u0119puj\u0105 ograniczenia w postaci prog\u00f3w. W budynku nie ma wind.<\/li>\n<li>W budynku s\u0105 cz\u0119\u015bciowe dostosowania dla os\u00f3b niepe\u0142nosprawnych:\n<ol>\n<li>zastosowano podjazd dla w\u00f3zk\u00f3w od strony parkingu do budynku sto\u0142\u00f3wki,<\/li>\n<li>informacja o rozk\u0142adzie pomieszcze\u0144 w budynku zapewniona jest w spos\u00f3b wizualny (tablice informacyjne),<\/li>\n<li>na parterze budynku znajduj\u0105 si\u0119 oznaczenia kontrastowe,<br \/>\nBrak p\u0119tli indukcyjnych oraz oznacze\u0144 w alfabecie brajla.<\/li>\n<\/ol>\n<\/li>\n<li>Na terenie bursy znajduje si\u0119 parking dla samochod\u00f3w osobowych. Natomiast przed budynkiem nie ma wyznaczonych miejsc parkingowych dla os\u00f3b niepe\u0142nosprawnych.<\/li>\n<li>Do budynku mo\u017ce wej\u015b\u0107 osoba z psem asystuj\u0105cym.<\/li>\n<\/ol>\n<\/section>\n<section id=\"a11y-komunikacja\">\n<h3>Dost\u0119pno\u015b\u0107 komunikacyjno-informacyjna<\/h3>\n<ol>\n<li>W szkole i bursie nie ma mo\u017cliwo\u015bci skorzystania z\u00a0t\u0142umacza j\u0119zyka migowego<\/li>\n<\/ol>\n<\/section>\n<section id=\"a11y-aplikacje\">\n<h3>Aplikacje mobilne<\/h3>\n<p>Brak aplikacji mobilnych<\/p>\n<\/section>\n<h3>Pozosta\u0142e informacje<\/h3>\n<p>Brak.<\/p>\n","protected":false},"excerpt":{"rendered":"<p>Deklaracja dost\u0119pno\u015bci ZESP\u00d3\u0141 SZK\u00d3\u0141 OG\u00d3LNOKSZTA\u0141C\u0104CYCH NR 6 VI LICEUM OG\u00d3LNOKSZTA\u0141C\u0104CE im. Gabriela Narutowicza, 10-049 Olsztyn ul. Pstrowskiego 5 zobowi\u0105zuje si\u0119&hellip;<\/p>\n","protected":false},"author":1,"featured_media":0,"parent":0,"menu_order":0,"comment_status":"closed","ping_status":"closed","template":"","meta":{"footnotes":""},"class_list":["post-231","page","type-page","status-publish","hentry"],"_links":{"self":[{"href":"https:\/\/zso6.olsztyn.eu\/bursa\/wp-json\/wp\/v2\/pages\/231","targetHints":{"allow":["GET"]}}],"collection":[{"href":"https:\/\/zso6.olsztyn.eu\/bursa\/wp-json\/wp\/v2\/pages"}],"about":[{"href":"https:\/\/zso6.olsztyn.eu\/bursa\/wp-json\/wp\/v2\/types\/page"}],"author":[{"embeddable":true,"href":"https:\/\/zso6.olsztyn.eu\/bursa\/wp-json\/wp\/v2\/users\/1"}],"replies":[{"embeddable":true,"href":"https:\/\/zso6.olsztyn.eu\/bursa\/wp-json\/wp\/v2\/comments?post=231"}],"version-history":[{"count":9,"href":"https:\/\/zso6.olsztyn.eu\/bursa\/wp-json\/wp\/v2\/pages\/231\/revisions"}],"predecessor-version":[{"id":487,"href":"https:\/\/zso6.olsztyn.eu\/bursa\/wp-json\/wp\/v2\/pages\/231\/revisions\/487"}],"wp:attachment":[{"href":"https:\/\/zso6.olsztyn.eu\/bursa\/wp-json\/wp\/v2\/media?parent=231"}],"curies":[{"name":"wp","href":"https:\/\/api.w.org\/{rel}","templated":true}]}}